{"id":30278,"date":"2026-03-29T13:25:42","date_gmt":"2026-03-29T12:25:42","guid":{"rendered":"https:\/\/alalamiagroup.com\/?post_type=product&#038;p=30278"},"modified":"2026-03-29T13:25:42","modified_gmt":"2026-03-29T12:25:42","slug":"%d8%a7%d9%84%d9%85%d8%b1%d8%a7%d8%ac%d8%b9%d8%a9-%d8%a7%d9%84%d9%86%d9%87%d8%a7%d8%a6%d9%8a%d8%a9-%d9%81%d9%8a-%d8%a7%d9%84%d9%84%d8%ba%d8%a9-%d8%a7%d9%84%d9%81%d8%b1%d9%86%d8%b3%d9%8a%d8%a9","status":"publish","type":"product","link":"https:\/\/alalamiagroup.com\/en\/product\/%d8%a7%d9%84%d9%85%d8%b1%d8%a7%d8%ac%d8%b9%d8%a9-%d8%a7%d9%84%d9%86%d9%87%d8%a7%d8%a6%d9%8a%d8%a9-%d9%81%d9%8a-%d8%a7%d9%84%d9%84%d8%ba%d8%a9-%d8%a7%d9%84%d9%81%d8%b1%d9%86%d8%b3%d9%8a%d8%a9\/","title":{"rendered":"\u0627\u0644\u0645\u0631\u0627\u062c\u0639\u0629 \u0627\u0644\u0646\u0647\u0627\u0626\u064a\u0629 \u0641\u064a \u0627\u0644\u0644\u063a\u0629 \u0627\u0644\u0641\u0631\u0646\u0633\u064a\u0629"},"content":{"rendered":"","protected":false},"excerpt":{"rendered":"<p>Contenu du manuel<br \/>\nLe livre est structur\u00e9 pour couvrir tous les aspects de l&#8217;examen pour les classes de 3AS (Toutes fili\u00e8res : Sciences Exp\u00e9rimentales, Math\u00e9matiques, Technique Math\u00e9matique, Gestion et \u00c9conomie) :<br \/>\nTextes expliqu\u00e9s : Analyse approfondie des types de textes au programme (Historique, Argumentatif, Appel\/Exhortatif).<br \/>\nPoints de langue : Rappels essentiels de grammaire, conjugaison et syntaxe (le passif\/actif, le discours direct\/indirect, les rapports logiques, etc.).<br \/>\nProduction \u00e9crite : M\u00e9thodologies pour r\u00e9diger le compte-rendu critique ou objectif, ainsi que l&#8217;essai argumentatif.<br \/>\nFiches r\u00e9capitulatives &amp; M\u00e9mento : Des r\u00e9sum\u00e9s synth\u00e9tiques pour r\u00e9viser rapidement les notions cl\u00e9s.<br \/>\nSujets types Bac &amp; Corrig\u00e9s : Des examens blancs pour s&#8217;exercer en conditions r\u00e9elles avec leurs solutions d\u00e9taill\u00e9es.<\/p>","protected":false},"featured_media":30279,"comment_status":"open","ping_status":"closed","template":"","meta":[],"product_brand":[],"product_cat":[78],"product_tag":[],"class_list":{"0":"post-30278","1":"product","2":"type-product","3":"status-publish","4":"has-post-thumbnail","6":"product_cat-manuels-scolaires","8":"first","9":"instock","10":"shipping-taxable","11":"purchasable","12":"product-type-simple"},"_links":{"self":[{"href":"https:\/\/alalamiagroup.com\/en\/wp-json\/wp\/v2\/product\/30278","targetHints":{"allow":["GET"]}}],"collection":[{"href":"https:\/\/alalamiagroup.com\/en\/wp-json\/wp\/v2\/product"}],"about":[{"href":"https:\/\/alalamiagroup.com\/en\/wp-json\/wp\/v2\/types\/product"}],"replies":[{"embeddable":true,"href":"https:\/\/alalamiagroup.com\/en\/wp-json\/wp\/v2\/comments?post=30278"}],"version-history":[{"count":1,"href":"https:\/\/alalamiagroup.com\/en\/wp-json\/wp\/v2\/product\/30278\/revisions"}],"predecessor-version":[{"id":30280,"href":"https:\/\/alalamiagroup.com\/en\/wp-json\/wp\/v2\/product\/30278\/revisions\/30280"}],"wp:featuredmedia":[{"embeddable":true,"href":"https:\/\/alalamiagroup.com\/en\/wp-json\/wp\/v2\/media\/30279"}],"wp:attachment":[{"href":"https:\/\/alalamiagroup.com\/en\/wp-json\/wp\/v2\/media?parent=30278"}],"wp:term":[{"taxonomy":"product_brand","embeddable":true,"href":"https:\/\/alalamiagroup.com\/en\/wp-json\/wp\/v2\/product_brand?post=30278"},{"taxonomy":"product_cat","embeddable":true,"href":"https:\/\/alalamiagroup.com\/en\/wp-json\/wp\/v2\/product_cat?post=30278"},{"taxonomy":"product_tag","embeddable":true,"href":"https:\/\/alalamiagroup.com\/en\/wp-json\/wp\/v2\/product_tag?post=30278"}],"curies":[{"name":"wp","href":"https:\/\/api.w.org\/{rel}","templated":true}]}}